{"id":2,"date":"2024-05-23T14:36:15","date_gmt":"2024-05-23T11:36:15","guid":{"rendered":"https:\/\/ferrodokum.com.tr\/?page_id=2"},"modified":"2024-07-26T10:24:56","modified_gmt":"2024-07-26T07:24:56","slug":"kisisel-verilerin-korunmasi","status":"publish","type":"page","link":"https:\/\/ferrodokum.com.tr\/en\/kisisel-verilerin-korunmasi\/","title":{"rendered":"Protection of Personal Data"},"content":{"rendered":"<div data-elementor-type=\"wp-page\" data-elementor-id=\"2\" class=\"elementor elementor-2\" data-elementor-post-type=\"page\">\n\t\t\t\t<div class=\"elementor-element elementor-element-4c8f1834 e-flex e-con-boxed e-con e-parent\" data-id=\"4c8f1834\" data-element_type=\"container\">\n\t\t\t\t\t<div class=\"e-con-inner\">\n\t\t\t\t<div class=\"elementor-element elementor-element-5ab8b41f elementor-widget elementor-widget-text-editor\" data-id=\"5ab8b41f\" data-element_type=\"widget\" data-widget_type=\"text-editor.default\">\n\t\t\t\t<div class=\"elementor-widget-container\">\n\t\t\t<style>\/*! elementor - v3.22.0 - 16-06-2024 *\/\n.elementor-widget-text-editor.elementor-drop-cap-view-stacked .elementor-drop-cap{background-color:#69727d;color:#fff}.elementor-widget-text-editor.elementor-drop-cap-view-framed .elementor-drop-cap{color:#69727d;border:3px solid;background-color:transparent}.elementor-widget-text-editor:not(.elementor-drop-cap-view-default) .elementor-drop-cap{margin-top:8px}.elementor-widget-text-editor:not(.elementor-drop-cap-view-default) .elementor-drop-cap-letter{width:1em;height:1em}.elementor-widget-text-editor .elementor-drop-cap{float:left;text-align:center;line-height:1;font-size:50px}.elementor-widget-text-editor .elementor-drop-cap-letter{display:inline-block}<\/style>\t\t\t\t<p><strong>6698 SAYILI K\u0130\u015e\u0130SEL VER\u0130LER\u0130 KORUMA KANUNU UYARINCA<\/strong><\/p>\n<p><strong>\u0130NTERNET S\u0130TES\u0130 AYDINLATMA METN\u0130<\/strong><\/p>\n<p>\u00a0<\/p>\n<p><strong><u>Veri Sorumlusu:<\/u><\/strong><\/p>\n<p><u>\u00a0<\/u><\/p>\n<p>Ferro D\u00f6k\u00fcm San. Ve D\u0131\u015f Tic. A.\u015e.,<\/p>\n<p>\u00a0<\/p>\n<p>Cumhuriyet Mahallesi, 2253 Sokak, No:13, 41400, Gebze\/Kocaeli<\/p>\n<p>\u00a0<\/p>\n<p>\u0130\u015fbu Ayd\u0131nlatma Metni, Ferro D\u00f6k\u00fcm San. Ve D\u0131\u015f Tic. A.\u015e. olarak 6698 say\u0131l\u0131 Ki\u015fisel Verilerin Korunmas\u0131 Kanunu (\u201c<strong>KVKK<\/strong>\u201d) ve ilgili mevzuat kapsam\u0131nda sizlere sundu\u011fumuz hizmetler s\u0131ras\u0131nda ki\u015fisel verilerinizin i\u015flenmesi, saklanmas\u0131 ve aktar\u0131lmas\u0131 ile ilgili sizleri bilgilendirmek amac\u0131yla haz\u0131rlanm\u0131\u015ft\u0131r.<\/p>\n<p>\u00a0<\/p>\n<ol>\n<li><strong>K\u0130\u015e\u0130SEL VER\u0130LER\u0130N\u0130Z\u0130N TOPLANMA Y\u00d6NTEM\u0130, HUKUK\u0130 SEBEB\u0130 VE \u0130\u015eLEME AMA\u00c7LARI:<\/strong><\/li>\n<\/ol>\n<p>\u015eirketimiz taraf\u0131ndan, ilgili ki\u015filerin a\u015fa\u011f\u0131daki tabloda belirtilen ki\u015fisel verileri internet sitesi arac\u0131l\u0131\u011f\u0131yla elde edilmektedir.<\/p>\n<p>Ki\u015fisel verileriniz \u015eirketimiz taraf\u0131ndan a\u015fa\u011f\u0131daki ama\u00e7lar ve hukuki sebepler ile KVKK\u2019n\u0131n 5. ve 6. maddelerinde belirtilen ki\u015fisel veri i\u015fleme \u015fartlar\u0131 ve ama\u00e7lar\u0131 kapsam\u0131nda i\u015flenecektir:<\/p>\n<p>\u00a0<\/p>\n<table>\n<tbody>\n<tr>\n<td width=\"161\">\n<p><strong>Veri Kategorisi<\/strong><\/p>\n<\/td>\n<td width=\"274\">\n<p><strong>Hukuki Sebep<\/strong><\/p>\n<\/td>\n<td width=\"265\">\n<p><strong>\u0130\u015fleme Amac\u0131<\/strong><\/p>\n<\/td>\n<\/tr>\n<tr>\n<td width=\"161\">\n<p><strong>\u00a0<\/strong><\/p>\n<p><strong>Kimlik<\/strong><\/p>\n<p><strong>\u00a0<\/strong><\/p>\n<p><em>\u00a0<\/em><\/p>\n<\/td>\n<td width=\"274\">\n<p>Bir s\u00f6zle\u015fmenin kurulmas\u0131 veya ifas\u0131yla do\u011frudan do\u011fruya ilgili olmas\u0131 kayd\u0131yla, s\u00f6zle\u015fmenin taraflar\u0131na ait ki\u015fisel verilerin i\u015flenmesinin gerekli olmas\u0131<em> (KVKK m. 5 f. 2 c bendi)<\/em><\/p>\n<p><em>\u00a0<\/em><\/p>\n<p>Veri sorumlusunun hukuki y\u00fck\u00fcml\u00fcl\u00fc\u011f\u00fcn\u00fc yerine getirebilmesi i\u00e7in zorunlu olmas\u0131<em> (KVKK m. 5 f. 2 \u00e7 bendi)<\/em><\/p>\n<p><em>\u00a0<\/em><\/p>\n<p>Bir hakk\u0131n tesisi, kullan\u0131lmas\u0131 veya korunmas\u0131 i\u00e7in veri i\u015flemenin zorunlu olmas\u0131<em> (KVKK m. 5 f. 2 e bendi)<\/em><\/p>\n<p><em>\u00a0<\/em><\/p>\n<p>\u0130lgili ki\u015finin temel hak ve \u00f6zg\u00fcrl\u00fcklerine zarar vermemek kayd\u0131yla, veri sorumlusunun me\u015fru menfaatleri i\u00e7in veri i\u015flenmesinin zorunlu olmas\u0131<em> (KVKK m. 5 f. 2 f bendi)<\/em><\/p>\n<\/td>\n<td width=\"265\">\n<p>\u00a0<\/p>\n<p>&#8211;\u00a0\u00a0\u00a0\u00a0\u00a0\u00a0 Faaliyetlerin Mevzuata Uygun Y\u00fcr\u00fct\u00fclmesi<\/p>\n<p>&#8211;\u00a0\u00a0\u00a0\u00a0\u00a0\u00a0 Firma \/ \u00dcr\u00fcn \/ Hizmetlere Ba\u011fl\u0131l\u0131k S\u00fcre\u00e7lerinin Y\u00fcr\u00fct\u00fclmesi<\/p>\n<p>&#8211;\u00a0\u00a0\u00a0\u00a0\u00a0\u00a0 \u0130leti\u015fim Faaliyetlerinin Y\u00fcr\u00fct\u00fclmesi<\/p>\n<p>&#8211;\u00a0\u00a0\u00a0\u00a0\u00a0\u00a0 Mal \/ Hizmet Sat\u0131n Al\u0131m S\u00fcre\u00e7lerinin Y\u00fcr\u00fct\u00fclmesi<\/p>\n<p>&#8211;\u00a0\u00a0\u00a0\u00a0\u00a0\u00a0 Mal \/ Hizmet Sat\u0131\u015f Sonras\u0131 Destek Hizmetlerinin Y\u00fcr\u00fct\u00fclmesi<\/p>\n<p>&#8211;\u00a0\u00a0\u00a0\u00a0\u00a0\u00a0 Mal \/ Hizmet Sat\u0131\u015f S\u00fcre\u00e7lerinin Y\u00fcr\u00fct\u00fclmesi<\/p>\n<p>&#8211;\u00a0\u00a0\u00a0\u00a0\u00a0\u00a0 Mal \/ Hizmet \u00dcretim Ve Operasyon S\u00fcre\u00e7lerinin Y\u00fcr\u00fct\u00fclmesi<\/p>\n<p>&#8211;\u00a0\u00a0\u00a0\u00a0\u00a0\u00a0 M\u00fc\u015fteri \u0130li\u015fkileri Y\u00f6netimi S\u00fcre\u00e7lerinin Y\u00fcr\u00fct\u00fclmesi<\/p>\n<p>&#8211;\u00a0\u00a0\u00a0\u00a0\u00a0\u00a0 M\u00fc\u015fteri Memnuniyetine Y\u00f6nelik Aktivitelerin Y\u00fcr\u00fct\u00fclmesi<\/p>\n<p>&#8211;\u00a0\u00a0\u00a0\u00a0\u00a0\u00a0 Pazarlama Analiz \u00c7al\u0131\u015fmalar\u0131n\u0131n Y\u00fcr\u00fct\u00fclmesi<\/p>\n<p>&#8211;\u00a0\u00a0\u00a0\u00a0\u00a0\u00a0 Reklam \/\u00a0Kampanya \/ Promosyon S\u00fcre\u00e7lerinin Y\u00fcr\u00fct\u00fclmesi<\/p>\n<p>&#8211;\u00a0\u00a0\u00a0\u00a0\u00a0\u00a0 Saklama Ve Ar\u015fiv Faaliyetlerinin Y\u00fcr\u00fct\u00fclmesi<\/p>\n<p>&#8211;\u00a0\u00a0\u00a0\u00a0\u00a0\u00a0 S\u00f6zle\u015fme S\u00fcre\u00e7lerinin Y\u00fcr\u00fct\u00fclmesi<\/p>\n<p>&#8211;\u00a0\u00a0\u00a0\u00a0\u00a0\u00a0 Talep\u00a0\/ \u015eikayetlerin Takibi<\/p>\n<p>&#8211;\u00a0\u00a0\u00a0\u00a0\u00a0\u00a0 \u00dcr\u00fcn \/ Hizmetlerin Pazarlama S\u00fcre\u00e7lerinin Y\u00fcr\u00fct\u00fclmesi<\/p>\n<p>&#8211;\u00a0\u00a0\u00a0\u00a0\u00a0\u00a0 Yetkili Ki\u015fi, Kurum Ve Kurulu\u015flara Bilgi Verilmesi<\/p>\n<\/td>\n<\/tr>\n<tr>\n<td width=\"161\">\n<p><strong>\u0130leti\u015fim<\/strong><\/p>\n<p><strong>\u00a0<\/strong><\/p>\n<p><strong>\u00a0<\/strong><\/p>\n<p><strong>\u00a0<\/strong><\/p>\n<\/td>\n<td width=\"274\">\n<p>Bir s\u00f6zle\u015fmenin kurulmas\u0131 veya ifas\u0131yla do\u011frudan do\u011fruya ilgili olmas\u0131 kayd\u0131yla, s\u00f6zle\u015fmenin taraflar\u0131na ait ki\u015fisel verilerin i\u015flenmesinin gerekli olmas\u0131<em> (KVKK m. 5 f. 2 c bendi)<\/em><\/p>\n<p><em>\u00a0<\/em><\/p>\n<p>Veri sorumlusunun hukuki y\u00fck\u00fcml\u00fcl\u00fc\u011f\u00fcn\u00fc yerine getirebilmesi i\u00e7in zorunlu olmas\u0131<em> (KVKK m. 5 f. 2 \u00e7 bendi)<\/em><\/p>\n<p><em>\u00a0<\/em><\/p>\n<p>Bir hakk\u0131n tesisi, kullan\u0131lmas\u0131 veya korunmas\u0131 i\u00e7in veri i\u015flemenin zorunlu olmas\u0131<em> (KVKK m. 5 f. 2 e bendi)<\/em><\/p>\n<\/td>\n<td width=\"265\">\n<p>&#8211;\u00a0\u00a0\u00a0\u00a0\u00a0\u00a0 Faaliyetlerin Mevzuata Uygun Y\u00fcr\u00fct\u00fclmesi<\/p>\n<p>&#8211;\u00a0\u00a0\u00a0\u00a0\u00a0\u00a0 Firma \/ \u00dcr\u00fcn \/ Hizmetlere Ba\u011fl\u0131l\u0131k S\u00fcre\u00e7lerinin Y\u00fcr\u00fct\u00fclmesi<\/p>\n<p>&#8211;\u00a0\u00a0\u00a0\u00a0\u00a0\u00a0 \u0130leti\u015fim Faaliyetlerinin Y\u00fcr\u00fct\u00fclmesi<\/p>\n<p>&#8211;\u00a0\u00a0\u00a0\u00a0\u00a0\u00a0 Mal \/ Hizmet Sat\u0131n Al\u0131m S\u00fcre\u00e7lerinin Y\u00fcr\u00fct\u00fclmesi<\/p>\n<p>&#8211;\u00a0\u00a0\u00a0\u00a0\u00a0\u00a0 Mal \/ Hizmet Sat\u0131\u015f Sonras\u0131 Destek Hizmetlerinin Y\u00fcr\u00fct\u00fclmesi<\/p>\n<p>&#8211;\u00a0\u00a0\u00a0\u00a0\u00a0\u00a0 Mal \/ Hizmet Sat\u0131\u015f S\u00fcre\u00e7lerinin Y\u00fcr\u00fct\u00fclmesi<\/p>\n<p>&#8211;\u00a0\u00a0\u00a0\u00a0\u00a0\u00a0 Mal \/ Hizmet \u00dcretim Ve Operasyon S\u00fcre\u00e7lerinin Y\u00fcr\u00fct\u00fclmesi<\/p>\n<p>&#8211;\u00a0\u00a0\u00a0\u00a0\u00a0\u00a0 M\u00fc\u015fteri \u0130li\u015fkileri Y\u00f6netimi S\u00fcre\u00e7lerinin Y\u00fcr\u00fct\u00fclmesi<\/p>\n<p>&#8211;\u00a0\u00a0\u00a0\u00a0\u00a0\u00a0 M\u00fc\u015fteri Memnuniyetine Y\u00f6nelik Aktivitelerin Y\u00fcr\u00fct\u00fclmesi<\/p>\n<p>&#8211;\u00a0\u00a0\u00a0\u00a0\u00a0\u00a0 Pazarlama Analiz \u00c7al\u0131\u015fmalar\u0131n\u0131n Y\u00fcr\u00fct\u00fclmesi<\/p>\n<p>&#8211;\u00a0\u00a0\u00a0\u00a0\u00a0\u00a0 Reklam \/\u00a0Kampanya \/ Promosyon S\u00fcre\u00e7lerinin Y\u00fcr\u00fct\u00fclmesi<\/p>\n<p>&#8211;\u00a0\u00a0\u00a0\u00a0\u00a0\u00a0 Saklama Ve Ar\u015fiv Faaliyetlerinin Y\u00fcr\u00fct\u00fclmesi<\/p>\n<p>&#8211;\u00a0\u00a0\u00a0\u00a0\u00a0\u00a0 S\u00f6zle\u015fme S\u00fcre\u00e7lerinin Y\u00fcr\u00fct\u00fclmesi<\/p>\n<p>&#8211;\u00a0\u00a0\u00a0\u00a0\u00a0\u00a0 Talep\u00a0\/ \u015eikayetlerin Takibi<\/p>\n<p>&#8211;\u00a0\u00a0\u00a0\u00a0\u00a0\u00a0 \u00dcr\u00fcn \/ Hizmetlerin Pazarlama S\u00fcre\u00e7lerinin Y\u00fcr\u00fct\u00fclmesi<\/p>\n<\/td>\n<\/tr>\n<tr>\n<td width=\"161\">\n<p><strong>M\u00fc\u015fteri \u0130\u015flem<\/strong><\/p>\n<p><strong>\u00a0<\/strong><\/p>\n<p><em>\u00a0<\/em><\/p>\n<\/td>\n<td width=\"274\">\n<p>Bir s\u00f6zle\u015fmenin kurulmas\u0131 veya ifas\u0131yla do\u011frudan do\u011fruya ilgili olmas\u0131 kayd\u0131yla, s\u00f6zle\u015fmenin taraflar\u0131na ait ki\u015fisel verilerin i\u015flenmesinin gerekli olmas\u0131<em> (KVKK m. 5 f. 2 c bendi)<\/em><\/p>\n<p><em>\u00a0<\/em><\/p>\n<p>Veri sorumlusunun hukuki y\u00fck\u00fcml\u00fcl\u00fc\u011f\u00fcn\u00fc yerine getirebilmesi i\u00e7in zorunlu olmas\u0131<em> (KVKK m. 5 f. 2 \u00e7 bendi)<\/em><\/p>\n<p><em>\u00a0<\/em><\/p>\n<p>Bir hakk\u0131n tesisi, kullan\u0131lmas\u0131 veya korunmas\u0131 i\u00e7in veri i\u015flemenin zorunlu olmas\u0131<em> (KVKK m. 5 f. 2 e bendi)<\/em><\/p>\n<\/td>\n<td width=\"265\">\n<p>&#8211;\u00a0\u00a0\u00a0\u00a0\u00a0\u00a0 Firma \/ \u00dcr\u00fcn \/ Hizmetlere Ba\u011fl\u0131l\u0131k S\u00fcre\u00e7lerinin Y\u00fcr\u00fct\u00fclmesi<\/p>\n<p>&#8211;\u00a0\u00a0\u00a0\u00a0\u00a0\u00a0 Mal \/ Hizmet Sat\u0131n Al\u0131m S\u00fcre\u00e7lerinin Y\u00fcr\u00fct\u00fclmesi<\/p>\n<p>&#8211;\u00a0\u00a0\u00a0\u00a0\u00a0\u00a0 Mal \/ Hizmet Sat\u0131\u015f Sonras\u0131 Destek Hizmetlerinin Y\u00fcr\u00fct\u00fclmesi<\/p>\n<p>&#8211;\u00a0\u00a0\u00a0\u00a0\u00a0\u00a0 Mal \/ Hizmet Sat\u0131\u015f S\u00fcre\u00e7lerinin Y\u00fcr\u00fct\u00fclmesi<\/p>\n<p>&#8211;\u00a0\u00a0\u00a0\u00a0\u00a0\u00a0 Mal \/ Hizmet \u00dcretim Ve Operasyon S\u00fcre\u00e7lerinin Y\u00fcr\u00fct\u00fclmesi<\/p>\n<p>&#8211;\u00a0\u00a0\u00a0\u00a0\u00a0\u00a0 M\u00fc\u015fteri \u0130li\u015fkileri Y\u00f6netimi S\u00fcre\u00e7lerinin Y\u00fcr\u00fct\u00fclmesi<\/p>\n<p>&#8211;\u00a0\u00a0\u00a0\u00a0\u00a0\u00a0 M\u00fc\u015fteri Memnuniyetine Y\u00f6nelik Aktivitelerin Y\u00fcr\u00fct\u00fclmesi<\/p>\n<p>&#8211;\u00a0\u00a0\u00a0\u00a0\u00a0\u00a0 Pazarlama Analiz \u00c7al\u0131\u015fmalar\u0131n\u0131n Y\u00fcr\u00fct\u00fclmesi<\/p>\n<p>&#8211;\u00a0\u00a0\u00a0\u00a0\u00a0\u00a0 Reklam \/\u00a0Kampanya \/ Promosyon S\u00fcre\u00e7lerinin Y\u00fcr\u00fct\u00fclmesi<\/p>\n<p>&#8211;\u00a0\u00a0\u00a0\u00a0\u00a0\u00a0 Saklama Ve Ar\u015fiv Faaliyetlerinin Y\u00fcr\u00fct\u00fclmesi<\/p>\n<p>&#8211;\u00a0\u00a0\u00a0\u00a0\u00a0\u00a0 Talep\u00a0\/ \u015eikayetlerin Takibi<\/p>\n<p>&#8211;\u00a0\u00a0\u00a0\u00a0\u00a0\u00a0 \u00dcr\u00fcn \/ Hizmetlerin Pazarlama S\u00fcre\u00e7lerinin Y\u00fcr\u00fct\u00fclmesi<\/p>\n<\/td>\n<\/tr>\n<tr>\n<td width=\"161\">\n<p><strong>\u0130\u015flem G\u00fcvenli\u011fi<\/strong><\/p>\n<\/td>\n<td width=\"274\">\n<p>Bir s\u00f6zle\u015fmenin kurulmas\u0131 veya ifas\u0131yla do\u011frudan do\u011fruya ilgili olmas\u0131 kayd\u0131yla, s\u00f6zle\u015fmenin taraflar\u0131na ait ki\u015fisel verilerin i\u015flenmesinin gerekli olmas\u0131<em> (KVKK m. 5 f. 2 c bendi)<\/em><\/p>\n<p><em>\u00a0<\/em><\/p>\n<p>Veri sorumlusunun hukuki y\u00fck\u00fcml\u00fcl\u00fc\u011f\u00fcn\u00fc yerine getirebilmesi i\u00e7in zorunlu olmas\u0131<em> (KVKK m. 5 f. 2 \u00e7 bendi)<\/em><\/p>\n<\/td>\n<td width=\"265\">\n<p>&#8211;\u00a0\u00a0\u00a0\u00a0\u00a0\u00a0 Bilgi G\u00fcvenli\u011fi S\u00fcre\u00e7lerinin Y\u00fcr\u00fct\u00fclmesi<\/p>\n<p>&#8211;\u00a0\u00a0\u00a0\u00a0\u00a0\u00a0 Eri\u015fim Yetkilerinin Y\u00fcr\u00fct\u00fclmesi<\/p>\n<p>&#8211;\u00a0\u00a0\u00a0\u00a0\u00a0\u00a0 Faaliyetlerin Mevzuata Uygun Y\u00fcr\u00fct\u00fclmesi<\/p>\n<p>&#8211;\u00a0\u00a0\u00a0\u00a0\u00a0\u00a0 \u00a0<\/p>\n<\/td>\n<\/tr>\n<tr>\n<td width=\"161\">\n<p><strong>Pazarlama<\/strong><\/p>\n<\/td>\n<td width=\"274\">\n<p><em>\u00a0<\/em><\/p>\n<p>\u0130lgili ki\u015finin temel hak ve \u00f6zg\u00fcrl\u00fcklerine zarar vermemek kayd\u0131yla, veri sorumlusunun me\u015fru menfaatleri i\u00e7in veri i\u015flenmesinin zorunlu olmas\u0131<em> (KVKK m. 5 f. 2 f bendi)<\/em><\/p>\n<\/td>\n<td width=\"265\">\n<p>&#8211;\u00a0\u00a0\u00a0\u00a0\u00a0\u00a0 Firma \/ \u00dcr\u00fcn \/ Hizmetlere Ba\u011fl\u0131l\u0131k S\u00fcre\u00e7lerinin Y\u00fcr\u00fct\u00fclmesi<\/p>\n<p>&#8211;\u00a0\u00a0\u00a0\u00a0\u00a0\u00a0 Mal \/ Hizmet Sat\u0131\u015f S\u00fcre\u00e7lerinin Y\u00fcr\u00fct\u00fclmesi<\/p>\n<p>&#8211;\u00a0\u00a0\u00a0\u00a0\u00a0\u00a0 Pazarlama Analiz \u00c7al\u0131\u015fmalar\u0131n\u0131n Y\u00fcr\u00fct\u00fclmesi<\/p>\n<p>&#8211;\u00a0\u00a0\u00a0\u00a0\u00a0\u00a0 Reklam \/\u00a0Kampanya \/ Promosyon S\u00fcre\u00e7lerinin Y\u00fcr\u00fct\u00fclmesi<\/p>\n<p>&#8211;\u00a0\u00a0\u00a0\u00a0\u00a0\u00a0 Saklama Ve Ar\u015fiv Faaliyetlerinin Y\u00fcr\u00fct\u00fclmesi<\/p>\n<p>&#8211;\u00a0\u00a0\u00a0\u00a0\u00a0\u00a0 Talep\u00a0\/ \u015eikayetlerin Takibi<\/p>\n<p>&#8211;\u00a0\u00a0\u00a0\u00a0\u00a0\u00a0 \u00dcr\u00fcn \/ Hizmetlerin Pazarlama S\u00fcre\u00e7lerinin Y\u00fcr\u00fct\u00fclmesi<\/p>\n<\/td>\n<\/tr>\n<\/tbody>\n<\/table>\n<p><strong>\u00a0<\/strong><\/p>\n<ol>\n<li><strong>K\u0130\u015e\u0130SEL VER\u0130LER\u0130N AKTARILDI\u011eI TARAFLAR VE AKTARIM AMA\u00c7LARI: <\/strong><\/li>\n<\/ol>\n<p>\u00a0<\/p>\n<p>Ki\u015fisel verileriniz; KVKK\u2019n\u0131n 8. ve 9. maddelerinde belirtilen ki\u015fisel veri i\u015fleme \u015fartlar\u0131\u00a0ve ama\u00e7lar\u0131 \u00e7er\u00e7evesinde a\u015fa\u011f\u0131da yer verilen \u00fc\u00e7\u00fcnc\u00fc taraflara ve belirtilen ama\u00e7larla aktar\u0131labilecektir:<\/p>\n<p><strong>\u00a0<\/strong><\/p>\n<table width=\"710\">\n<tbody>\n<tr>\n<td width=\"192\">\n<p><strong>\u00dc\u00e7\u00fcnc\u00fc Taraf<\/strong><\/p>\n<\/td>\n<td width=\"205\">\n<p><strong>Veri Kategorileri<\/strong><\/p>\n<\/td>\n<td width=\"313\">\n<p><strong>Aktar\u0131m\u0131n Hukuki Sebebi<\/strong><\/p>\n<\/td>\n<\/tr>\n<tr>\n<td width=\"192\">\n<p>\u00a0<\/p>\n<p>\u00a0<\/p>\n<p>\u00a0<\/p>\n<p><strong>\u0130\u015f Orta\u011f\u0131, \u0130\u015ftirakler, Ba\u011fl\u0131 Ortakl\u0131klar, Topluluk \u015eirketleri ve Tedarik\u00e7iler<\/strong><\/p>\n<\/td>\n<td width=\"205\">\n<p>Kimlik, \u0130leti\u015fim, M\u00fc\u015fteri \u0130\u015flem, Pazarlama<\/p>\n<\/td>\n<td width=\"313\">\n<p>&#8211;\u00a0\u00a0\u00a0\u00a0\u00a0\u00a0\u00a0\u00a0\u00a0 Veri sorumlusunun hukuki y\u00fck\u00fcml\u00fcl\u00fc\u011f\u00fcn\u00fc yerine getirebilmesi i\u00e7in zorunlu olmas\u0131 <em>(KVKK m. 5 f. 2 \u00e7 bendi)<\/em><\/p>\n<p>&#8211;\u00a0\u00a0\u00a0\u00a0\u00a0\u00a0\u00a0\u00a0\u00a0 Bir hakk\u0131n tesisi, kullan\u0131lmas\u0131 veya korunmas\u0131 i\u00e7in veri i\u015flemenin zorunlu olmas\u0131 <em>(KVKK m. 5 f. 2 e bendi)<\/em><\/p>\n<p>&#8211;\u00a0\u00a0\u00a0\u00a0\u00a0\u00a0\u00a0\u00a0\u00a0 \u0130lgili ki\u015finin temel hak ve \u00f6zg\u00fcrl\u00fcklerine zarar vermemek kayd\u0131yla, veri sorumlusunun me\u015fru menfaatleri i\u00e7in veri i\u015flenmesinin zorunlu olmas\u0131 <em>(KVKK m. 5 f. 2 f bendi)<\/em><\/p>\n<p>\u00a0<\/p>\n<\/td>\n<\/tr>\n<tr>\n<td width=\"192\">\n<p><strong>Yetkili Kamu Kurum ve Kurulu\u015flar\u0131 <\/strong><\/p>\n<p>\u00a0<\/p>\n<\/td>\n<td width=\"205\">\n<p>Kimlik, \u0130leti\u015fim, M\u00fc\u015fteri \u0130\u015flem, Pazarlama<\/p>\n<\/td>\n<td width=\"313\">\n<p>&#8211;\u00a0\u00a0\u00a0\u00a0\u00a0\u00a0\u00a0\u00a0\u00a0 Veri sorumlusunun hukuki y\u00fck\u00fcml\u00fcl\u00fc\u011f\u00fcn\u00fc yerine getirebilmesi i\u00e7in zorunlu olmas\u0131 <em>(KVKK m. 5 f. 2 \u00e7 bendi)<\/em><\/p>\n<p>&#8211;\u00a0\u00a0\u00a0\u00a0\u00a0\u00a0\u00a0\u00a0\u00a0 Bir hakk\u0131n tesisi, kullan\u0131lmas\u0131 veya korunmas\u0131 i\u00e7in veri i\u015flemenin zorunlu olmas\u0131 <em>(KVKK m. 5 f. 2 e bendi)<\/em><\/p>\n<p>\u00a0<\/p>\n<\/td>\n<\/tr>\n<\/tbody>\n<\/table>\n<p>\u00a0<\/p>\n<ol start=\"11\">\n<li><strong>K\u0130\u015e\u0130SEL VER\u0130 SAH\u0130B\u0130N\u0130N 6698 SAYILI KANUN\u2019UN 11. MADDES\u0130NDE SAYILAN HAKLARI<\/strong><\/li>\n<\/ol>\n<p><strong>\u00a0<\/strong><\/p>\n<p>Ki\u015fisel verileriniz ile ilgili ba\u015fvuru ve taleplerinizi dilerseniz;<\/p>\n<p>\u00a0<\/p>\n<ul>\n<li>Islak imzal\u0131 ve kimlik fotokopisi ile\u00a0Cumhuriyet Mahallesi, 2253 Sokak, No:13, 41400, Gebze\/Kocaeli adresine g\u00f6ndererek,<\/li>\n<li>Ge\u00e7erli bir kimlik belgesi ile birlikte\u00a0FERRO D\u00d6K\u00dcM\u2019e Cumhuriyet Mahallesi, 2253 Sokak, No:13, 41400, Gebze\/Kocaeli adresinden \u015fahsen ba\u015fvurarak,<\/li>\n<\/ul>\n<ul>\n<li>Mobil imza veya g\u00fcvenli elektronik imza ile imzalay\u0131p kvkk.ferrodokum@efesan.com.tr, adreslerine e-posta g\u00f6nderilerek,<\/li>\n<li>Kay\u0131tl\u0131 elektronik posta (KEP) adresi, g\u00fcvenli elektronik imza ya da mobil imza kullanmak suretiyle ferrodokum@hs03.kep.tr kay\u0131tl\u0131 elektronik posta (KEP) adreslerine g\u00f6ndererek,<\/li>\n<\/ul>\n<p><strong>\u00a0<\/strong><\/p>\n<p>FERRO D\u00d6K\u00dcM\u2019e iletebilirsiniz.<\/p>\n<p>\u00a0<\/p>\n<p>Veri Sorumlusuna Ba\u015fvuru Usul ve Esaslar\u0131 Hakk\u0131nda Tebli\u011f uyar\u0131nca, \u0130lgili Ki\u015fi\u2019nin, ba\u015fvurusunda ad, soyad, ba\u015fvuru yaz\u0131l\u0131 ise imza, T.C. kimlik numaras\u0131, (ba\u015fvuruda bulunan ki\u015finin yabanc\u0131 olmas\u0131 halinde pasaport numaras\u0131), tebligata esas yerle\u015fim yeri veya i\u015f yeri adresi, varsa bildirime esas elektronik posta adresi, telefon numaras\u0131 ve faks numaras\u0131 ile talep konusuna dair bilgilerin bulunmas\u0131 zorunludur.<\/p>\n<p>\u00a0<\/p>\n<p>\u0130lgili Ki\u015fi, yukar\u0131da belirtilen haklar\u0131 kullanmak i\u00e7in yapaca\u011f\u0131 ve kullanmay\u0131 talep etti\u011fi hakka ili\u015fkin a\u00e7\u0131klamalar\u0131 i\u00e7eren ba\u015fvuruda talep edilen hususu a\u00e7\u0131k ve anla\u015f\u0131l\u0131r \u015fekilde belirtilmelidir. Ba\u015fvuruya ili\u015fkin bilgi ve belgelerin ba\u015fvuruya eklenmesi gerekmektedir.<\/p>\n<p>\u00a0<\/p>\n<p>Talep konusunun ba\u015fvuran\u0131n \u015fahs\u0131 ile ilgili olmas\u0131 gerekmekle birlikte, ba\u015fkas\u0131 ad\u0131na hareket ediliyor ise ba\u015fvuruyu yapan\u0131n bu konuda \u00f6zel olarak yetkili olmas\u0131 ve bu yetkinin belgelendirilmesi (vek\u00e2letname) gerekmektedir. Ayr\u0131ca ba\u015fvurunun kimlik ve adres bilgilerini i\u00e7ermesi ve ba\u015fvuruya kimli\u011fi do\u011frulay\u0131c\u0131 belgelerin eklenmesi gerekmektedir.<\/p>\n<p>Yetkisiz \u00fc\u00e7\u00fcnc\u00fc ki\u015filerin ba\u015fkas\u0131 ad\u0131na yapt\u0131\u011f\u0131 talepler de\u011ferlendirmeye al\u0131nmayacakt\u0131r.<\/p>\n<p>\u00a0<\/p>\n<p>Ki\u015fisel verilerinize ili\u015fkin hak talepleriniz de\u011ferlendirilerek, bize ula\u015ft\u0131\u011f\u0131 tarihten itibaren en ge\u00e7 30 g\u00fcn i\u00e7erisinde cevaplan\u0131r. Ba\u015fvurunuzun olumsuz de\u011ferlendirilmesi halinde, gerek\u00e7eli ret sebepleri ba\u015fvuruda belirtti\u011finiz adrese elektronik posta veya posta yolu ba\u015fta olmak \u00fczere e\u011fer m\u00fcmk\u00fcnse talebin yap\u0131ld\u0131\u011f\u0131 usul vas\u0131tas\u0131yla size iletilir.\u00a0<\/p>\n<p>\u00a0<\/p>\n<p>\u00a0<\/p>\n<p><strong>Ferro D\u00f6k\u00fcm San. Ve D\u0131\u015f Tic. A.\u015e., <\/strong><\/p>\n<p><strong>\u00a0<\/strong><\/p>\t\t\t\t\t\t<\/div>\n\t\t\t\t<\/div>\n\t\t\t\t\t<\/div>\n\t\t\t\t<\/div>\n\t\t\t\t<\/div>","protected":false},"excerpt":{"rendered":"<p>6698 SAYILI K\u0130\u015e\u0130SEL VER\u0130LER\u0130 KORUMA KANUNU UYARINCA \u0130NTERNET S\u0130TES\u0130 AYDINLATMA METN\u0130 Veri Sorumlusu: \u00a0 Ferro D\u00f6k\u00fcm San. Ve D\u0131\u015f Tic. A.\u015e., Cumhuriyet Mahallesi, 2253 Sokak, No:13, 41400, Gebze\/Kocaeli \u0130\u015fbu Ayd\u0131nlatma Metni, Ferro D\u00f6k\u00fcm San. Ve D\u0131\u015f Tic. A.\u015e. olarak 6698 say\u0131l\u0131 Ki\u015fisel Verilerin Korunmas\u0131 Kanunu (\u201cKVKK\u201d) ve ilgili mevzuat kapsam\u0131nda sizlere sundu\u011fumuz hizmetler s\u0131ras\u0131nda ki\u015fisel [&hellip;]<\/p>\n","protected":false},"author":1,"featured_media":0,"parent":0,"menu_order":0,"comment_status":"closed","ping_status":"open","template":"","meta":{"footnotes":""},"class_list":["post-2","page","type-page","status-publish","hentry"],"_links":{"self":[{"href":"https:\/\/ferrodokum.com.tr\/en\/wp-json\/wp\/v2\/pages\/2","targetHints":{"allow":["GET"]}}],"collection":[{"href":"https:\/\/ferrodokum.com.tr\/en\/wp-json\/wp\/v2\/pages"}],"about":[{"href":"https:\/\/ferrodokum.com.tr\/en\/wp-json\/wp\/v2\/types\/page"}],"author":[{"embeddable":true,"href":"https:\/\/ferrodokum.com.tr\/en\/wp-json\/wp\/v2\/users\/1"}],"replies":[{"embeddable":true,"href":"https:\/\/ferrodokum.com.tr\/en\/wp-json\/wp\/v2\/comments?post=2"}],"version-history":[{"count":4,"href":"https:\/\/ferrodokum.com.tr\/en\/wp-json\/wp\/v2\/pages\/2\/revisions"}],"predecessor-version":[{"id":3367,"href":"https:\/\/ferrodokum.com.tr\/en\/wp-json\/wp\/v2\/pages\/2\/revisions\/3367"}],"wp:attachment":[{"href":"https:\/\/ferrodokum.com.tr\/en\/wp-json\/wp\/v2\/media?parent=2"}],"curies":[{"name":"wp","href":"https:\/\/api.w.org\/{rel}","templated":true}]}}