{"id":1458,"date":"2022-06-20T12:23:14","date_gmt":"2022-06-20T12:23:14","guid":{"rendered":"https:\/\/wgl-demo.net\/lantan\/?page_id=1458"},"modified":"2024-10-22T13:46:22","modified_gmt":"2024-10-22T10:46:22","slug":"medya-iletisim","status":"publish","type":"page","link":"https:\/\/ferrodokum.com.tr\/en\/medya-iletisim\/","title":{"rendered":"MEDIA"},"content":{"rendered":"<div data-elementor-type=\"wp-page\" data-elementor-id=\"1458\" class=\"elementor elementor-1458\" data-elementor-post-type=\"page\">\n\t\t\t\t\t\t<section class=\"elementor-section elementor-top-section elementor-element elementor-element-f38a682 elementor-section-boxed elementor-section-height-default elementor-section-height-default\" data-id=\"f38a682\" data-element_type=\"section\">\n\t\t\t\t\t\t<div class=\"elementor-container elementor-column-gap-default\">\n\t\t\t\t\t<div class=\"elementor-column elementor-col-100 elementor-top-column elementor-element elementor-element-4c31c82\" data-id=\"4c31c82\" data-element_type=\"column\">\n\t\t\t<div class=\"elementor-widget-wrap elementor-element-populated\">\n\t\t\t\t\t\t<div class=\"elementor-element elementor-element-70246b2 divider-yes aleft elementor-widget elementor-widget-wgl-double-heading\" data-id=\"70246b2\" data-element_type=\"widget\" data-widget_type=\"wgl-double-heading.default\">\n\t\t\t\t<div class=\"elementor-widget-container\">\n\t\t\t<div class=\"wgl-double-heading\"><div class=\"dblh__subtitle\"><span>Ferro D\u00f6k\u00fcm <\/span><\/div><div class=\"dblh__divider\"><\/div><h6 class=\"dblh__title-wrapper\"><span class=\"dblh__title dblh__title-1\">You can download, review and get information about our current catalogs, promotional films and vector media files of our Ferro D\u00f6k\u00fcm company here. <\/span><\/h6><\/div>\t\t<\/div>\n\t\t\t\t<\/div>\n\t\t\t\t\t<\/div>\n\t\t<\/div>\n\t\t\t\t\t<\/div>\n\t\t<\/section>\n\t\t\t\t<section class=\"elementor-section elementor-top-section elementor-element elementor-element-2c936f2 elementor-section-boxed elementor-section-height-default elementor-section-height-default\" data-id=\"2c936f2\" data-element_type=\"section\">\n\t\t\t\t\t\t<div class=\"elementor-container elementor-column-gap-default\">\n\t\t\t\t\t<div class=\"elementor-column elementor-col-100 elementor-top-column elementor-element elementor-element-ce48465\" data-id=\"ce48465\" data-element_type=\"column\">\n\t\t\t<div class=\"elementor-widget-wrap elementor-element-populated\">\n\t\t\t\t\t\t<div class=\"elementor-element elementor-element-472c9b4 elementor-widget elementor-widget-spacer\" data-id=\"472c9b4\" data-element_type=\"widget\" data-widget_type=\"spacer.default\">\n\t\t\t\t<div class=\"elementor-widget-container\">\n\t\t\t<style>\/*! elementor - v3.22.0 - 16-06-2024 *\/\n.elementor-column .elementor-spacer-inner{height:var(--spacer-size)}.e-con{--container-widget-width:100%}.e-con-inner>.elementor-widget-spacer,.e-con>.elementor-widget-spacer{width:var(--container-widget-width,var(--spacer-size));--align-self:var(--container-widget-align-self,initial);--flex-shrink:0}.e-con-inner>.elementor-widget-spacer>.elementor-widget-container,.e-con>.elementor-widget-spacer>.elementor-widget-container{height:100%;width:100%}.e-con-inner>.elementor-widget-spacer>.elementor-widget-container>.elementor-spacer,.e-con>.elementor-widget-spacer>.elementor-widget-container>.elementor-spacer{height:100%}.e-con-inner>.elementor-widget-spacer>.elementor-widget-container>.elementor-spacer>.elementor-spacer-inner,.e-con>.elementor-widget-spacer>.elementor-widget-container>.elementor-spacer>.elementor-spacer-inner{height:var(--container-widget-height,var(--spacer-size))}.e-con-inner>.elementor-widget-spacer.elementor-widget-empty,.e-con>.elementor-widget-spacer.elementor-widget-empty{position:relative;min-height:22px;min-width:22px}.e-con-inner>.elementor-widget-spacer.elementor-widget-empty .elementor-widget-empty-icon,.e-con>.elementor-widget-spacer.elementor-widget-empty .elementor-widget-empty-icon{position:absolute;top:0;bottom:0;left:0;right:0;margin:auto;padding:0;width:22px;height:22px}<\/style>\t\t<div class=\"elementor-spacer\">\n\t\t\t<div class=\"elementor-spacer-inner\"><\/div>\n\t\t<\/div>\n\t\t\t\t<\/div>\n\t\t\t\t<\/div>\n\t\t\t\t<div class=\"elementor-element elementor-element-9436303 elementor-view-framed elementor-widget elementor-widget-wgl-toggle-accordion\" data-id=\"9436303\" data-element_type=\"widget\" data-widget_type=\"wgl-toggle-accordion.default\">\n\t\t\t\t<div class=\"elementor-widget-container\">\n\t\t\t<div class=\"wgl-accordion icon-plus\" id=\"wgl-accordion-9436303\" data-type=\"toggle\"><div class=\"wgl-accordion_panel\"><h4 id=\"wgl-accordion_header-1551\" class=\"wgl-accordion_header\" data-default=\"yes\"><span class=\"wgl-accordion_title\">Our Corporate Logo (Vector)<\/span><i class=\"wgl-accordion_icon elementor-icon\"><\/i><\/h4><div class=\"wgl-accordion_content\"><p><a href=\"https:\/\/ferrodokum.com.tr\/en\/2024\/basili\/ferro_logo.pdf\/\"><img decoding=\"async\" class=\"alignnone wp-image-3162\" src=\"https:\/\/ferrodokum.com.tr\/2024\/wp-content\/uploads\/2024\/07\/ferro_logo-300x94.png\" alt=\"\" width=\"110\" height=\"34\" srcset=\"https:\/\/ferrodokum.com.tr\/wp-content\/uploads\/2024\/07\/ferro_logo-300x94.png 300w, https:\/\/ferrodokum.com.tr\/wp-content\/uploads\/2024\/07\/ferro_logo-1024x321.png 1024w, https:\/\/ferrodokum.com.tr\/wp-content\/uploads\/2024\/07\/ferro_logo-768x241.png 768w, https:\/\/ferrodokum.com.tr\/wp-content\/uploads\/2024\/07\/ferro_logo-1536x482.png 1536w, https:\/\/ferrodokum.com.tr\/wp-content\/uploads\/2024\/07\/ferro_logo.png 1872w\" sizes=\"(max-width: 110px) 100vw, 110px\" \/><\/a><\/p><p><a href=\"\/basili\/ferro_logo.pdf\">Click to download our corporate logo in vector format.<\/a><\/p><\/div><\/div><div class=\"wgl-accordion_panel\"><h4 id=\"wgl-accordion_header-1552\" class=\"wgl-accordion_header\" data-default=\"\"><span class=\"wgl-accordion_title\">Our Corporate Catalog<\/span><i class=\"wgl-accordion_icon elementor-icon\"><\/i><\/h4><div class=\"wgl-accordion_content\"><p><a href=\"\/basili\/Ferro_Dokum_2024_DS.pdf\">Click here to download our corporate catalog.<\/a><\/p><\/div><\/div><div class=\"wgl-accordion_panel\"><h4 id=\"wgl-accordion_header-1553\" class=\"wgl-accordion_header\" data-default=\"\"><span class=\"wgl-accordion_title\">Promotional Film<\/span><i class=\"wgl-accordion_icon elementor-icon\"><\/i><\/h4><div class=\"wgl-accordion_content\"><p><a href=\"\/basili\/FerroDokum-EfesanMachining.mp4\">You can watch our corporate promotional film by clicking here.<\/a><\/p><\/div><\/div><div class=\"wgl-accordion_panel\"><h4 id=\"wgl-accordion_header-1554\" class=\"wgl-accordion_header\" data-default=\"\"><span class=\"wgl-accordion_title\">Social Media<\/span><i class=\"wgl-accordion_icon elementor-icon\"><\/i><\/h4><div class=\"wgl-accordion_content\"><a href=\"https:\/\/www.linkedin.com\/company\/ferro-d%C3%B6k%C3%BCm\/\">Our corporate LinkedIn page.<\/a><\/div><\/div><\/div>\t\t<\/div>\n\t\t\t\t<\/div>\n\t\t\t\t\t<\/div>\n\t\t<\/div>\n\t\t\t\t\t<\/div>\n\t\t<\/section>\n\t\t\t\t<section class=\"elementor-section elementor-top-section elementor-element elementor-element-868676e elementor-section-boxed elementor-section-height-default elementor-section-height-default\" data-id=\"868676e\" data-element_type=\"section\">\n\t\t\t\t\t\t<div class=\"elementor-container elementor-column-gap-default\">\n\t\t\t\t\t<div class=\"elementor-column elementor-col-100 elementor-top-column elementor-element elementor-element-f07b7f8\" data-id=\"f07b7f8\" data-element_type=\"column\">\n\t\t\t<div class=\"elementor-widget-wrap elementor-element-populated\">\n\t\t\t\t\t\t<div class=\"elementor-element elementor-element-e938933 elementor-widget elementor-widget-spacer\" data-id=\"e938933\" data-element_type=\"widget\" data-widget_type=\"spacer.default\">\n\t\t\t\t<div class=\"elementor-widget-container\">\n\t\t\t\t\t<div class=\"elementor-spacer\">\n\t\t\t<div class=\"elementor-spacer-inner\"><\/div>\n\t\t<\/div>\n\t\t\t\t<\/div>\n\t\t\t\t<\/div>\n\t\t\t\t\t<\/div>\n\t\t<\/div>\n\t\t\t\t\t<\/div>\n\t\t<\/section>\n\t\t\t\t<section class=\"elementor-section elementor-top-section elementor-element elementor-element-0c1300f elementor-section-boxed elementor-section-height-default elementor-section-height-default\" data-id=\"0c1300f\" data-element_type=\"section\" data-settings=\"{&quot;background_background&quot;:&quot;classic&quot;}\">\n\t\t\t\t\t\t<div class=\"elementor-container elementor-column-gap-default\">\n\t\t\t\t\t<div class=\"elementor-column elementor-col-25 elementor-top-column elementor-element elementor-element-76cda1b\" data-id=\"76cda1b\" data-element_type=\"column\">\n\t\t\t<div class=\"elementor-widget-wrap elementor-element-populated\">\n\t\t\t\t\t\t<div class=\"elementor-element elementor-element-6dae602 elementor-widget elementor-widget-spacer\" data-id=\"6dae602\" data-element_type=\"widget\" data-widget_type=\"spacer.default\">\n\t\t\t\t<div class=\"elementor-widget-container\">\n\t\t\t\t\t<div class=\"elementor-spacer\">\n\t\t\t<div class=\"elementor-spacer-inner\"><\/div>\n\t\t<\/div>\n\t\t\t\t<\/div>\n\t\t\t\t<\/div>\n\t\t\t\t<div class=\"elementor-element elementor-element-296a066 elementor-widget__width-initial aleft elementor-widget elementor-widget-wgl-counter\" data-id=\"296a066\" data-element_type=\"widget\" data-widget_type=\"wgl-counter.default\">\n\t\t\t\t<div class=\"elementor-widget-container\">\n\t\t\t<div class=\"wgl-counter title-block\"><div class=\"wgl-counter_wrap\"><div class=\"content-wrap\"><div class=\"wgl-counter_value-wrap\"><div class=\"wgl-counter__placeholder-wrap\"><span class=\"wgl-counter__placeholder\">51<\/span><span class=\"wgl-counter__value\" data-start-value=\"0\" data-end-value=\"51\" data-speed=\"1200\" data-sep=\"\">0<\/span><\/div><\/div><h3 class=\"wgl-counter_title\">Years of Experience<\/h3><\/div><\/div><\/div>\t\t<\/div>\n\t\t\t\t<\/div>\n\t\t\t\t\t<\/div>\n\t\t<\/div>\n\t\t\t\t<div class=\"elementor-column elementor-col-25 elementor-top-column elementor-element elementor-element-45193a0\" data-id=\"45193a0\" data-element_type=\"column\">\n\t\t\t<div class=\"elementor-widget-wrap elementor-element-populated\">\n\t\t\t\t\t\t<div class=\"elementor-element elementor-element-3e0ecaa elementor-widget elementor-widget-spacer\" data-id=\"3e0ecaa\" data-element_type=\"widget\" data-widget_type=\"spacer.default\">\n\t\t\t\t<div class=\"elementor-widget-container\">\n\t\t\t\t\t<div class=\"elementor-spacer\">\n\t\t\t<div class=\"elementor-spacer-inner\"><\/div>\n\t\t<\/div>\n\t\t\t\t<\/div>\n\t\t\t\t<\/div>\n\t\t\t\t<div class=\"elementor-element elementor-element-4111627 elementor-widget__width-initial aleft elementor-widget elementor-widget-wgl-counter\" data-id=\"4111627\" data-element_type=\"widget\" data-widget_type=\"wgl-counter.default\">\n\t\t\t\t<div class=\"elementor-widget-container\">\n\t\t\t<div class=\"wgl-counter title-block\"><div class=\"wgl-counter_wrap\"><div class=\"content-wrap\"><div class=\"wgl-counter_value-wrap\"><div class=\"wgl-counter__placeholder-wrap\"><span class=\"wgl-counter__placeholder\">1000<\/span><span class=\"wgl-counter__value\" data-start-value=\"0\" data-end-value=\"1000\" data-speed=\"1200\" data-sep=\"\">0<\/span><\/div><span class=\"wgl-counter__suffix\">+<\/span><\/div><h3 class=\"wgl-counter_title\">Number of Employees<\/h3><\/div><\/div><\/div>\t\t<\/div>\n\t\t\t\t<\/div>\n\t\t\t\t\t<\/div>\n\t\t<\/div>\n\t\t\t\t<div class=\"elementor-column elementor-col-25 elementor-top-column elementor-element elementor-element-ce9b876\" data-id=\"ce9b876\" data-element_type=\"column\">\n\t\t\t<div class=\"elementor-widget-wrap elementor-element-populated\">\n\t\t\t\t\t\t<div class=\"elementor-element elementor-element-0ab2950 elementor-widget elementor-widget-spacer\" data-id=\"0ab2950\" data-element_type=\"widget\" data-widget_type=\"spacer.default\">\n\t\t\t\t<div class=\"elementor-widget-container\">\n\t\t\t\t\t<div class=\"elementor-spacer\">\n\t\t\t<div class=\"elementor-spacer-inner\"><\/div>\n\t\t<\/div>\n\t\t\t\t<\/div>\n\t\t\t\t<\/div>\n\t\t\t\t<div class=\"elementor-element elementor-element-a55b5ac elementor-widget__width-initial aleft elementor-widget elementor-widget-wgl-counter\" data-id=\"a55b5ac\" data-element_type=\"widget\" data-widget_type=\"wgl-counter.default\">\n\t\t\t\t<div class=\"elementor-widget-container\">\n\t\t\t<div class=\"wgl-counter title-block\"><div class=\"wgl-counter_wrap\"><div class=\"content-wrap\"><div class=\"wgl-counter_value-wrap\"><div class=\"wgl-counter__placeholder-wrap\"><span class=\"wgl-counter__placeholder\">405<\/span><span class=\"wgl-counter__value\" data-start-value=\"0\" data-end-value=\"405\" data-speed=\"1200\" data-sep=\"\">0<\/span><\/div><span class=\"wgl-counter__suffix\">.<\/span><\/div><h3 class=\"wgl-counter_title\">Turkey's 500 Largest Industrial Enterprises<\/h3><\/div><\/div><\/div>\t\t<\/div>\n\t\t\t\t<\/div>\n\t\t\t\t\t<\/div>\n\t\t<\/div>\n\t\t\t\t<div class=\"elementor-column elementor-col-25 elementor-top-column elementor-element elementor-element-03996b5\" data-id=\"03996b5\" data-element_type=\"column\">\n\t\t\t<div class=\"elementor-widget-wrap elementor-element-populated\">\n\t\t\t\t\t\t<div class=\"elementor-element elementor-element-ecc4689 elementor-widget elementor-widget-spacer\" data-id=\"ecc4689\" data-element_type=\"widget\" data-widget_type=\"spacer.default\">\n\t\t\t\t<div class=\"elementor-widget-container\">\n\t\t\t\t\t<div class=\"elementor-spacer\">\n\t\t\t<div class=\"elementor-spacer-inner\"><\/div>\n\t\t<\/div>\n\t\t\t\t<\/div>\n\t\t\t\t<\/div>\n\t\t\t\t<div class=\"elementor-element elementor-element-f76e963 elementor-widget__width-initial aleft elementor-widget elementor-widget-wgl-counter\" data-id=\"f76e963\" data-element_type=\"widget\" data-widget_type=\"wgl-counter.default\">\n\t\t\t\t<div class=\"elementor-widget-container\">\n\t\t\t<div class=\"wgl-counter title-block\"><div class=\"wgl-counter_wrap\"><div class=\"content-wrap\"><div class=\"wgl-counter_value-wrap\"><div class=\"wgl-counter__placeholder-wrap\"><span class=\"wgl-counter__placeholder\">18<\/span><span class=\"wgl-counter__value\" data-start-value=\"0\" data-end-value=\"18\" data-speed=\"1200\" data-sep=\"\">0<\/span><\/div><span class=\"wgl-counter__suffix\">+<\/span><\/div><h3 class=\"wgl-counter_title\">Export to Country<\/h3><\/div><\/div><\/div>\t\t<\/div>\n\t\t\t\t<\/div>\n\t\t\t\t\t<\/div>\n\t\t<\/div>\n\t\t\t\t\t<\/div>\n\t\t<\/section>\n\t\t\t\t<section class=\"elementor-section elementor-top-section elementor-element elementor-element-4564600 elementor-section-boxed elementor-section-height-default elementor-section-height-default\" data-id=\"4564600\" data-element_type=\"section\">\n\t\t\t\t\t\t<div class=\"elementor-container elementor-column-gap-default\">\n\t\t\t\t\t<div class=\"elementor-column elementor-col-100 elementor-top-column elementor-element elementor-element-f959d16\" data-id=\"f959d16\" data-element_type=\"column\">\n\t\t\t<div class=\"elementor-widget-wrap elementor-element-populated\">\n\t\t\t\t\t\t<div class=\"elementor-element elementor-element-853e9b9 elementor-widget elementor-widget-spacer\" data-id=\"853e9b9\" data-element_type=\"widget\" data-widget_type=\"spacer.default\">\n\t\t\t\t<div class=\"elementor-widget-container\">\n\t\t\t\t\t<div class=\"elementor-spacer\">\n\t\t\t<div class=\"elementor-spacer-inner\"><\/div>\n\t\t<\/div>\n\t\t\t\t<\/div>\n\t\t\t\t<\/div>\n\t\t\t\t\t<\/div>\n\t\t<\/div>\n\t\t\t\t\t<\/div>\n\t\t<\/section>\n\t\t\t\t<\/div>","protected":false},"excerpt":{"rendered":"<p>Ferro D\u00f6k\u00fcm Ferro D\u00f6k\u00fcm firmam\u0131za ait g\u00fcncel kataloglar\u0131m\u0131z\u0131, tan\u0131t\u0131m filmlerimizi ve vekt\u00f6rel medya dosyalar\u0131m\u0131z\u0131 buradan indirebilir, inceleyebilir ve bilgi edinebilirsiniz. Kurumsal Logomuz (Vekt\u00f6rel) Vekt\u00f6rel formatl\u0131 kurumsal logomuzu indirmek i\u00e7in t\u0131klay\u0131n\u0131z. Kurumsal Katalo\u011fumuz Kurumsal katalo\u011fumuzu indirmek i\u00e7in buraya t\u0131klay\u0131n\u0131z. Tan\u0131t\u0131m Filmi Kurumsal tan\u0131t\u0131m filmimizi buraya t\u0131klayarak izleyebilirsiniz. Sosyal Medya Kurumsal LinkedIn in sayfam\u0131z. 510 Y\u0131ll\u0131k Tecr\u00fcbe [&hellip;]<\/p>\n","protected":false},"author":1,"featured_media":0,"parent":0,"menu_order":0,"comment_status":"closed","ping_status":"closed","template":"","meta":{"footnotes":""},"class_list":["post-1458","page","type-page","status-publish","hentry"],"_links":{"self":[{"href":"https:\/\/ferrodokum.com.tr\/en\/wp-json\/wp\/v2\/pages\/1458","targetHints":{"allow":["GET"]}}],"collection":[{"href":"https:\/\/ferrodokum.com.tr\/en\/wp-json\/wp\/v2\/pages"}],"about":[{"href":"https:\/\/ferrodokum.com.tr\/en\/wp-json\/wp\/v2\/types\/page"}],"author":[{"embeddable":true,"href":"https:\/\/ferrodokum.com.tr\/en\/wp-json\/wp\/v2\/users\/1"}],"replies":[{"embeddable":true,"href":"https:\/\/ferrodokum.com.tr\/en\/wp-json\/wp\/v2\/comments?post=1458"}],"version-history":[{"count":35,"href":"https:\/\/ferrodokum.com.tr\/en\/wp-json\/wp\/v2\/pages\/1458\/revisions"}],"predecessor-version":[{"id":3515,"href":"https:\/\/ferrodokum.com.tr\/en\/wp-json\/wp\/v2\/pages\/1458\/revisions\/3515"}],"wp:attachment":[{"href":"https:\/\/ferrodokum.com.tr\/en\/wp-json\/wp\/v2\/media?parent=1458"}],"curies":[{"name":"wp","href":"https:\/\/api.w.org\/{rel}","templated":true}]}}